{"id":841,"date":"2011-07-01T02:33:16","date_gmt":"2011-07-01T00:33:16","guid":{"rendered":"http:\/\/mahl-vegetarisch.de\/?page_id=841"},"modified":"2011-07-01T02:40:11","modified_gmt":"2011-07-01T00:40:11","slug":"danke-rcds","status":"publish","type":"page","link":"https:\/\/mahl-vegetarisch.de\/?page_id=841","title":{"rendered":"Danke, RCDS!"},"content":{"rendered":"<p>Unsere Initiative m\u00f6chte sich beim <em><a href=\"http:\/\/rcds-freiburg.de\/?page_id=420\">RCDS<\/a><\/em> f\u00fcr die Bewerbung der\u00a0Klimaschutzkampagne des Studentenwerks und der Initiative &#8220;Mahl vegetarisch&#8221; bedanken.<a href=\"http:\/\/mahl-vegetarisch.de\/wp-content\/uploads\/2011\/07\/rcds.jpg\"><img loading=\"lazy\" class=\"alignright size-full wp-image-710\" title=\"RCDS\" src=\"http:\/\/mahl-vegetarisch.de\/wp-content\/uploads\/2011\/07\/rcds.jpg\" alt=\"\" width=\"273\" height=\"388\" \/><\/a><br \/>\nDurch die feine Ironie auf seinem Infozettel macht der <em>Ring Christlich Demokratischer Studenten<\/em> auf am\u00fcsante Weise aufmerksam auf eines der dr\u00e4ngenden Probleme unserer Zeit &#8211; den Klimaschutz.<br \/>\n&#8220;Wo kein Sozialismus herrscht, muss er auch nicht durch Fleisch ersetzt werden&#8221; &#8211;\u00a0so die studentischen Vertreter des RCDS.<\/p>\n<p>Sie gehen in ihren Forderungen daher noch weiter als die Initiatoren des Veggie-Days und fordern dessen Abschaffung. Folgerichtig sollte die <strong>Veggie-Week eingef\u00fchrt<\/strong> werden &#8211; 7 Tage in der Woche f\u00fcr Gesundheit, Klima und Umwelt.<\/p>\n<p>&#8220;Die Wahrheit wird euch frei machen&#8221; &#8211; so lautet die Inschrift am KG I. Die akademische Freiheit liegt laut RCDS nun darin, die heutige Wahrheit ernst zu nehmen. Knapp 20% der Treibhausgase stammen aus der Tierzucht. Diese Wahrheit fordert aktives akademisch-freiheitliches Eintreten f\u00fcr zuk\u00fcnftige Generationen &#8211; auch in der Mensa. <strong>Schafft den Veggie Day ab, engagiert euch f\u00fcr die Veggie-Week!<\/strong><\/p>\n","protected":false},"excerpt":{"rendered":"<p>Unsere Initiative m\u00f6chte sich beim RCDS f\u00fcr die Bewerbung der\u00a0Klimaschutzkampagne des Studentenwerks und der Initiative &#8220;Mahl vegetarisch&#8221; bedanken. Durch die feine Ironie auf seinem Infozettel macht der Ring Christlich Demokratischer Studenten auf am\u00fcsante Weise aufmerksam auf eines der dr\u00e4ngenden Probleme &hellip; <a href=\"https:\/\/mahl-vegetarisch.de\/?page_id=841\">Continue reading <span class=\"meta-nav\">&rarr;<\/span><\/a><\/p>\n","protected":false},"author":6,"featured_media":0,"parent":116,"menu_order":0,"comment_status":"closed","ping_status":"closed","template":"","meta":[],"_links":{"self":[{"href":"https:\/\/mahl-vegetarisch.de\/index.php?rest_route=\/wp\/v2\/pages\/841"}],"collection":[{"href":"https:\/\/mahl-vegetarisch.de\/index.php?rest_route=\/wp\/v2\/pages"}],"about":[{"href":"https:\/\/mahl-vegetarisch.de\/index.php?rest_route=\/wp\/v2\/types\/page"}],"author":[{"embeddable":true,"href":"https:\/\/mahl-vegetarisch.de\/index.php?rest_route=\/wp\/v2\/users\/6"}],"replies":[{"embeddable":true,"href":"https:\/\/mahl-vegetarisch.de\/index.php?rest_route=%2Fwp%2Fv2%2Fcomments&post=841"}],"version-history":[{"count":7,"href":"https:\/\/mahl-vegetarisch.de\/index.php?rest_route=\/wp\/v2\/pages\/841\/revisions"}],"predecessor-version":[{"id":847,"href":"https:\/\/mahl-vegetarisch.de\/index.php?rest_route=\/wp\/v2\/pages\/841\/revisions\/847"}],"up":[{"embeddable":true,"href":"https:\/\/mahl-vegetarisch.de\/index.php?rest_route=\/wp\/v2\/pages\/116"}],"wp:attachment":[{"href":"https:\/\/mahl-vegetarisch.de\/index.php?rest_route=%2Fwp%2Fv2%2Fmedia&parent=841"}],"curies":[{"name":"wp","href":"https:\/\/api.w.org\/{rel}","templated":true}]}}