{"id":77,"date":"2011-02-21T14:20:15","date_gmt":"2011-02-21T13:20:15","guid":{"rendered":"http:\/\/mahl-vegetarisch.de\/?page_id=77"},"modified":"2013-05-07T13:50:15","modified_gmt":"2013-05-07T11:50:15","slug":"restaurants-kantinen-mensen","status":"publish","type":"page","link":"https:\/\/mahl-vegetarisch.de\/?page_id=77","title":{"rendered":"Mitmacher"},"content":{"rendered":"<p><!--[if !mso]> <mce:style><!  v\\:* {behavior:url(#default#VML);} o\\:* {behavior:url(#default#VML);} p\\:* {behavior:url(#default#VML);} .shape {behavior:url(#default#VML);} v\\:textbox {display:none;} --> <!--[endif]--><!--[if !ppt]--><!--[endif]--><\/p>\n<div>\n<div><strong><a href=\"http:\/\/mahl-vegetarisch.de\/wp-content\/uploads\/2011\/02\/Spargel-Salat.jpg\"><img loading=\"lazy\" class=\"alignright size-thumbnail wp-image-183\" title=\"Spargel-Salat\" alt=\"\" src=\"http:\/\/mahl-vegetarisch.de\/wp-content\/uploads\/2011\/02\/Spargel-Salat-150x150.jpg\" width=\"150\" height=\"150\" \/><\/a>Restaurants, Kantinen und Mensen<\/strong> k\u00f6nnen beim Veggietag mitmachen.<br \/>\n<strong>Mindestanforderungen:<\/strong><\/div>\n<div>\n<ul>\n<li><span style=\"font-size: 13px; line-height: 19px;\"><em>Mindestens <\/em>ein vegetarisches Gericht muss besonders (als \u201eVeggietaggericht\u201c) beworben werden. Dies kann in Form einer Tafel, Karte, etc. geschehen.<\/span><\/li>\n<li><span style=\"font-size: 13px; line-height: 19px;\">Das <a href=\"http:\/\/mahl-vegetarisch.de\/wp-content\/uploads\/2011\/06\/logo.gif\" target=\"_blank\">Ma<em>h<\/em>l-vegetarisch-Logo<\/a> mit dem Hinweis auf Infomaterial (an der Theke\/im Internet) muss am Veggietag pr\u00e4sent sein. Den Flyer stellen wir in gedruckter Form zur Verf\u00fcgung. PDF-Version hier: <a href=\"http:\/\/mahl-vegetarisch.de\/wp-content\/uploads\/2012\/07\/Veggietagflyer_Schnittr%C3%A4nder_V26.pdf\" target=\"_blank\">Veggietagflyer<\/a>.<br \/>\nM\u00f6gliche Hinweise auf den Veggietag:\u00a0 Aufkleber f\u00fcr die Karte, <a href=\"http:\/\/mahl-vegetarisch.de\/wp-content\/uploads\/2011\/06\/Aufsteller.pdf\" target=\"_blank\">Tischaufsteller<\/a>, selbst gedruckte Tages-\/Men\u00fckarten mit entsprechenden Hinweisen&#8230;<\/span><\/li>\n<\/ul>\n<\/div>\n<div><em>Dar\u00fcber hinaus ist eine deutliche Erh\u00f6hung des vegetarischen Angebots am Veggietag w\u00fcnschenswert.<\/em><br \/>\n<strong>Mitmachen:<\/strong> <em>info(\u00e4t)mahl-vegetarisch.de<\/em><\/div>\n<div><em><br \/>\n<\/em><\/div>\n<\/div>\n<hr \/>\n<p><span style=\"font-size: 16px; line-height: 19px;\"><em><strong>Restaurants:<\/strong><\/em><\/span><\/p>\n<p><img loading=\"lazy\" class=\"size-full wp-image-168 alignright\" title=\"B\u00e4rlauchsuppe\" alt=\"\" src=\"http:\/\/mahl-vegetarisch.de\/wp-content\/uploads\/2011\/02\/EW11.jpg\" width=\"180\" height=\"119\" \/><\/p>\n<p><strong><strong><a href=\"http:\/\/www.waldschaenke.de\/\" target=\"_blank\">Busses Waldsch\u00e4nke<\/a>: <\/strong><\/strong>regionales vegetarisches Angebot, spezielles Veggietaggericht<br \/>\n<strong><a href=\"http:\/\/www.blume-freiburg.de\/\" target=\"_blank\">Gasthaus Blume Freiburg<\/a>: <\/strong>regionale K\u00fcche, Veggietagmen\u00fc<br \/>\n<strong><a href=\"http:\/\/www.bursencafe.de\/\" target=\"_blank\">Caf\u00e9 Restaurant Burse<\/a><\/strong>: zus\u00e4tzliche vegetarische Gerichte und Tapas<br \/>\n<strong><a href=\"http:\/\/www.restaurant-persepolis.de\">Restaurant Persepolis<\/a><\/strong>: \u00a0Regionales, BIO und donnerstags mehr Vegetarisches.<\/p>\n<p><strong><a href=\"http:\/\/www.paradies-freiburg.de\/de\/\">Paradies Freiburg<\/a><\/strong>: \u00a0Restaurant mit Mittagstisch &#8211; donnerstags zus\u00e4tzlich ein vegetarisches \/ veganes Gericht.<\/p>\n<p><strong><a href=\"http:\/\/www.vegetage.de\/\" target=\"_blank\">VEGETAGE<\/a>: <\/strong>vegetarisches Restaurant mit gro\u00dfem Buffet, nat\u00fcrlich, frisch, gesund,\u00a0Gem\u00fcse \u00fcberwiegend regional<\/p>\n<p><strong><a href=\"http:\/\/www.chezfine.de\/\" target=\"_blank\">Chezfine<\/a>: <\/strong> vegetarisches Restaurant mit regionaler saisonaler K\u00fcche<br \/>\n<strong><a href=\"http:\/\/www.cabana-freiburg.de\" target=\"_blank\">Castillo<\/a><\/strong>: zus\u00e4tzliches Veggietaggericht; Veggietag-Info sowieso.<\/p>\n<p><em><strong>Mensen\/Kantinen:<\/strong><\/em><\/p>\n<p><img loading=\"lazy\" class=\"alignright\" title=\"Veggie-Burger2\" alt=\"\" src=\"..\/wp-content\/uploads\/2011\/02\/Veggie-Burger2-klein.jpg\" width=\"150\" height=\"116\" \/><\/p>\n<p><strong>Caritas-Mensa: <\/strong>2 von 3 Gerichten sind am Veggietag vegetarisch &#8211; <a href=\"http:\/\/www.kh-freiburg.de\/studium\/studieren\/neue-heimat-freiburg\/mensen\/\">Speiseplan<\/a><br \/>\n<strong>Kapriole, Freie Schule<\/strong>: Rein vegetarisches Essen jeden Tag<br \/>\n<strong>Freie Waldorfschule FR-Rieselfeld: <\/strong>t\u00e4glich ein selbstgekochtes vegetarisches Bio-Essen<br \/>\n<strong>KiTa Violett:<\/strong> zwei reine Veggietage pro Woche; jedoch nicht sicher am Donnerstag<br \/>\n<strong>Mensen der Uni Freiburg: <\/strong> donnerstags 3 von 4 Gerichten vegetarisch, t\u00e4glich vegetarisches Angebot, Bio-Linie im Buffet (EG), 2 mal pro Woche veganes Gericht. <a href=\"http:\/\/www.swfr.de\/essen-trinken\/speiseplaene\/?no_cache=1\">Zum Essenangebot &#8230;<\/a><br \/>\n<strong>Uniklinik Freiburg &#8211; Personalcasino und Patientenessen:\u00a0<\/strong>donnerstags besonders viele vegetarische Gerichte, t\u00e4glich vegetarisches Angebot. <a href=\"http:\/\/speiseplan.uniklinik-freiburg.de\/modules\/speiseplan\/pdf?woche=\">Zum Speiseplan &#8230;<\/a><\/p>\n<hr \/>\n<div><span style=\"font-size: 16px; line-height: 24px;\"><em><strong>Schulen:<\/strong><\/em><\/span><\/div>\n<p><span style=\"font-size: 13px; line-height: 19px;\"><strong><strong><a href=\"http:\/\/www.kinderleicht-geniessen.de\">Kinderleicht genie\u00dfen Catering GmbH<\/a><\/strong> (<\/strong><\/span><span style=\"font-size: 13px; line-height: 19px;\"><strong>rein vegetarisches Angebot donnerstags):<\/strong><\/span><\/p>\n<div style=\"padding-left: 30px;\">Wentzinger Gymnasium<\/div>\n<div style=\"padding-left: 30px;\">Wentzinger Realschule<\/div>\n<div style=\"padding-left: 30px;\">Paul Hindemith Schule<\/div>\n<div style=\"padding-left: 30px;\">Gerhard Hauptmann Schule<\/div>\n<div style=\"padding-left: 30px;\">Kepler Gymnasium<\/div>\n<div style=\"padding-left: 30px;\">Clara Grunwald Schule<\/div>\n<div style=\"padding-left: 30px;\">Theodor Heuss Gymnasium<\/div>\n<div style=\"padding-left: 30px;\">Albert Schweizer Gymnasium und Werkrealschule in Gundelfingen<\/div>\n<div style=\"padding-left: 30px;\">Kindergarten Taka Tuka Land<\/div>\n<div style=\"padding-left: 30px;\">Kleinkindergruppe Klarakinder<\/div>\n","protected":false},"excerpt":{"rendered":"<p>Restaurants, Kantinen und Mensen k\u00f6nnen beim Veggietag mitmachen. Mindestanforderungen: Mindestens ein vegetarisches Gericht muss besonders (als \u201eVeggietaggericht\u201c) beworben werden. Dies kann in Form einer Tafel, Karte, etc. geschehen. Das Mahl-vegetarisch-Logo mit dem Hinweis auf Infomaterial (an der Theke\/im Internet) muss &hellip; <a href=\"https:\/\/mahl-vegetarisch.de\/?page_id=77\">Continue reading <span class=\"meta-nav\">&rarr;<\/span><\/a><\/p>\n","protected":false},"author":2,"featured_media":0,"parent":0,"menu_order":1,"comment_status":"closed","ping_status":"closed","template":"","meta":[],"_links":{"self":[{"href":"https:\/\/mahl-vegetarisch.de\/index.php?rest_route=\/wp\/v2\/pages\/77"}],"collection":[{"href":"https:\/\/mahl-vegetarisch.de\/index.php?rest_route=\/wp\/v2\/pages"}],"about":[{"href":"https:\/\/mahl-vegetarisch.de\/index.php?rest_route=\/wp\/v2\/types\/page"}],"author":[{"embeddable":true,"href":"https:\/\/mahl-vegetarisch.de\/index.php?rest_route=\/wp\/v2\/users\/2"}],"replies":[{"embeddable":true,"href":"https:\/\/mahl-vegetarisch.de\/index.php?rest_route=%2Fwp%2Fv2%2Fcomments&post=77"}],"version-history":[{"count":103,"href":"https:\/\/mahl-vegetarisch.de\/index.php?rest_route=\/wp\/v2\/pages\/77\/revisions"}],"predecessor-version":[{"id":97,"href":"https:\/\/mahl-vegetarisch.de\/index.php?rest_route=\/wp\/v2\/pages\/77\/revisions\/97"}],"wp:attachment":[{"href":"https:\/\/mahl-vegetarisch.de\/index.php?rest_route=%2Fwp%2Fv2%2Fmedia&parent=77"}],"curies":[{"name":"wp","href":"https:\/\/api.w.org\/{rel}","templated":true}]}}