{"id":676,"date":"2011-04-28T17:22:46","date_gmt":"2011-04-28T15:22:46","guid":{"rendered":"http:\/\/mahl-vegetarisch.de\/?page_id=676"},"modified":"2011-04-29T16:14:47","modified_gmt":"2011-04-29T14:14:47","slug":"ernahrungssicherheit","status":"publish","type":"page","link":"https:\/\/mahl-vegetarisch.de\/?page_id=676","title":{"rendered":"Ern\u00e4hrungssicherheit"},"content":{"rendered":"<p><a href=\"http:\/\/mahl-vegetarisch.de\/wp-content\/uploads\/2011\/02\/Flaechenverbrauch-Nahrungsmittel.jpg\"><img loading=\"lazy\" class=\"size-medium wp-image-678 alignright\" title=\"Flaechenverbrauch-Nahrungsmittel\" src=\"http:\/\/mahl-vegetarisch.de\/wp-content\/uploads\/2011\/02\/Flaechenverbrauch-Nahrungsmittel-234x300.jpg\" alt=\"\" width=\"234\" height=\"300\" srcset=\"https:\/\/mahl-vegetarisch.de\/wp-content\/uploads\/2011\/02\/Flaechenverbrauch-Nahrungsmittel-234x300.jpg 234w, https:\/\/mahl-vegetarisch.de\/wp-content\/uploads\/2011\/02\/Flaechenverbrauch-Nahrungsmittel.jpg 416w\" sizes=\"(max-width: 234px) 100vw, 234px\" \/><\/a>Der <strong>gr\u00f6\u00dfte Anteil landwirtschaftlicher Fl\u00e4chen <\/strong>dient mit gro\u00dfem Abstand der <strong>Viehhaltung<\/strong>: sie beansprucht insgesamt etwa <strong>80 %<\/strong> der gesamten landwirtschaftlichen Nutzfl\u00e4che. Neben dem <strong>Weideland <\/strong>sind dabei auch ein<strong> Drittel des Ackerlandes<\/strong> f\u00fcr die Futtermittelproduktion enthalten (FAO, 2006c, S. 272). Diesem hohen Fl\u00e4chenanteil der Tierhaltung (80 %) steht jedoch ein <strong>geringer Anteil<\/strong> der <strong>tierischen Lebensmittel <\/strong>an der <strong>weltweiten Nahrungsversorgung<\/strong> gegen\u00fcber (nur <strong>17 % <\/strong>im Jahr 2003; FAOSTAT, 2008).<\/p>\n<p>Ein <strong>deutlich h\u00f6herer Fl\u00e4chenbedarf tierischer Lebensmittel<\/strong> gegen\u00fcber <strong>pflanzlichen<\/strong> Lebensmitteln wird sichtbar: z. B. um 1.000 kcal an Nahrungskalorien mit Rindfleisch zu erzeugen, werden 31 m\u00b2 Land ben\u00f6tigt (das meiste davon als Weideland), mit Getreide lediglich 1,1 m\u00b2 (ausschlie\u00dflich Ackerland).\u00a0 <em>(Peters et al., 2007, S. 149)<\/em><\/p>\n<p>Etwas provokant formulieren <em>Keyzer et al. (2005, S. 198)<\/em>, dass es zuk\u00fcnftig nicht die Frage sein wird, ob wir die <strong>Menschen ern\u00e4hren<\/strong> k\u00f6nnen, sondern ob wir die <strong>Tiere ern\u00e4hren<\/strong> k\u00f6nnen. Denn im Zeitraum 1997\/99 lebten rund 19 Mrd. <strong>Nutztiere <\/strong>auf der Erde, das sind <strong>dreimal mehr als Menschen<\/strong> (derzeit 6,6 Mrd.).<\/p>\n<p><em><strong>Quelle<\/strong>: &#8220;Globale Ern\u00e4hrungsgewohnheiten und -trends&#8221;, Studie des Wissenschaftlichen Beirats der Bundesregierung.<\/em><\/p>\n<p><em>&#8212;&#8212;&#8212;&#8212;&#8212;&#8212;&#8212;&#8212;&#8212;&#8212;&#8212;&#8212;&#8212;&#8212;&#8212;&#8212;&#8212;&#8212;&#8211;<br \/>\n<\/em><\/p>\n<p><a href=\"http:\/\/mahl-vegetarisch.de\/wp-content\/uploads\/2011\/02\/Getreide-klein.jpg\"><img loading=\"lazy\" class=\"size-thumbnail wp-image-700 alignright\" title=\"Getreide-klein\" src=\"http:\/\/mahl-vegetarisch.de\/wp-content\/uploads\/2011\/02\/Getreide-klein-150x150.jpg\" alt=\"\" width=\"150\" height=\"150\" \/><\/a>Um <strong>1 kg Fleisch<\/strong> zu erzeugen, werden je nach Sorte <strong>7 bis 16 Kilogramm Getreide<\/strong> ben\u00f6tigt. Alternativ k\u00f6nnten auf der <strong>daf\u00fcr beanspruchten Fl\u00e4che <\/strong>im selben Zeitraum <strong>200 Kilogramm Tomaten<\/strong> oder <strong>160 Kilogramm Kartoffeln<\/strong> geerntet werden.<\/p>\n<p>Knapp die <strong>H\u00e4lfte <\/strong>der globalen <strong>Getreideernte <\/strong>und <strong>90 Prozent<\/strong> der j\u00e4hrlichen Ertr\u00e4ge von <strong>Sojabohnen <\/strong>landen in den <strong>Tr\u00f6gen <\/strong>der weltweit 20 Milliarden <strong>Nutztiere<\/strong>. In vielen Regionen, insbesondere in den Tropen, verschwanden deshalb die W\u00e4lder.<\/p>\n<p>F\u00fcr die <strong>weltweite Ern\u00e4hrungssicherung<\/strong> ist der  anhaltend <strong>steigende Fleischkonsum <\/strong>daher <strong>fatal<\/strong>. Die Viehzucht beansprucht  Ackerfl\u00e4chen, die dringend zur Produktion von Grundnahrungsmitteln  ben\u00f6tigt w\u00fcrden. Momentan werden 35 Prozent der Ernten f\u00fcr Futtermittel genutzt.<\/p>\n<p><em><strong>Quelle<\/strong>: <a href=\"http:\/\/www.brot-fuer-die-welt.de\/ernaehrung\/4489_4744_DEU_HTML.php\" target=\"_blank\">Fleischkonsum und Ern\u00e4hrungssicherheit<\/a>, Brot f\u00fcr die Welt<\/em><\/p>\n<p><em>&#8212;&#8212;&#8212;&#8212;&#8212;&#8212;&#8212;&#8212;&#8212;&#8212;&#8212;&#8212;&#8212;&#8212;&#8212;&#8212;&#8212;&#8212;&#8211;<\/em><\/p>\n<p><a href=\"http:\/\/mahl-vegetarisch.de\/wp-content\/uploads\/2011\/02\/Afrikaner-klein.jpg\"><img loading=\"lazy\" class=\"size-thumbnail wp-image-699 alignright\" title=\"Afrikaner-klein\" src=\"http:\/\/mahl-vegetarisch.de\/wp-content\/uploads\/2011\/02\/Afrikaner-klein-150x150.jpg\" alt=\"\" width=\"150\" height=\"150\" \/><\/a>&#8220;Grunds\u00e4tzlich w\u00e4re  eine <strong>Sicherung <\/strong>der <strong>Ern\u00e4hrung weltweit m\u00f6glich<\/strong>. Daf\u00fcr muss aber das <strong> Ackerland <\/strong>f\u00fcr die <strong>Nahrungsmittelproduktion <\/strong>der Bev\u00f6lkerung verwendet  werden und nicht f\u00fcr den weltweit rasant wachsenden Konsum von  Fleisch und der Gewinnung von Energie aus Biomasse.<\/p>\n<p>Der  <strong>Wettlauf um Land <\/strong>ist in vollem Gange. Viele Entwicklungsl\u00e4nder  stellen in- und ausl\u00e4ndischen Firmen riesige L\u00e4ndereien zur  Verf\u00fcgung, die darauf <strong>Futter- und Energiepflanzen f\u00fcr den Export<\/strong> anbauen. Dieses \u201eLandgrabbing\u201c erh\u00f6ht die Konkurrenz um landwirtschaftliche  Fl\u00e4chen und raubt vielen l\u00e4ndlichen Familien ihre Lebensgrundlage.&#8221;<\/p>\n<p><em><strong>Fl\u00e4chenbedarf f\u00fcr eigene Ern\u00e4hrung berechnen<\/strong>:<\/em> <a href=\"http:\/\/www.brot-fuer-die-welt.de\/downloads\/niemand-isst-fuer-sich-allein\/ernaehrungsflaechenrechner.pdf\" target=\"_blank\">Ern\u00e4hrungsfl\u00e4chenrechner<\/a><\/p>\n<p><em> <\/em><\/p>\n<p><em><strong>Quelle:<\/strong> Brot f\u00fcr die Welt im Rahmen der Kampagne <a href=\"http:\/\/www.brot-fuer-die-welt.de\/ernaehrung\/4431_DEU_HTML.php\" target=\"_blank\">\u201eNiemand is(s)t f\u00fcr sich allein\u201c<\/a><\/em><\/p>\n<p><em>&#8212;&#8212;&#8212;&#8212;&#8212;&#8212;&#8212;&#8212;&#8212;&#8212;&#8212;&#8212;&#8212;&#8212;&#8212;&#8212;&#8212;&#8212;&#8211;<\/em><\/p>\n<p><em>Bilderquellen: Wikimedia Commons<br \/>\n<\/em><\/p>\n","protected":false},"excerpt":{"rendered":"<p>Der gr\u00f6\u00dfte Anteil landwirtschaftlicher Fl\u00e4chen dient mit gro\u00dfem Abstand der Viehhaltung: sie beansprucht insgesamt etwa 80 % der gesamten landwirtschaftlichen Nutzfl\u00e4che. Neben dem Weideland sind dabei auch ein Drittel des Ackerlandes f\u00fcr die Futtermittelproduktion enthalten (FAO, 2006c, S. 272). Diesem &hellip; <a href=\"https:\/\/mahl-vegetarisch.de\/?page_id=676\">Continue reading <span class=\"meta-nav\">&rarr;<\/span><\/a><\/p>\n","protected":false},"author":2,"featured_media":0,"parent":18,"menu_order":1,"comment_status":"closed","ping_status":"closed","template":"","meta":[],"_links":{"self":[{"href":"https:\/\/mahl-vegetarisch.de\/index.php?rest_route=\/wp\/v2\/pages\/676"}],"collection":[{"href":"https:\/\/mahl-vegetarisch.de\/index.php?rest_route=\/wp\/v2\/pages"}],"about":[{"href":"https:\/\/mahl-vegetarisch.de\/index.php?rest_route=\/wp\/v2\/types\/page"}],"author":[{"embeddable":true,"href":"https:\/\/mahl-vegetarisch.de\/index.php?rest_route=\/wp\/v2\/users\/2"}],"replies":[{"embeddable":true,"href":"https:\/\/mahl-vegetarisch.de\/index.php?rest_route=%2Fwp%2Fv2%2Fcomments&post=676"}],"version-history":[{"count":21,"href":"https:\/\/mahl-vegetarisch.de\/index.php?rest_route=\/wp\/v2\/pages\/676\/revisions"}],"predecessor-version":[{"id":681,"href":"https:\/\/mahl-vegetarisch.de\/index.php?rest_route=\/wp\/v2\/pages\/676\/revisions\/681"}],"up":[{"embeddable":true,"href":"https:\/\/mahl-vegetarisch.de\/index.php?rest_route=\/wp\/v2\/pages\/18"}],"wp:attachment":[{"href":"https:\/\/mahl-vegetarisch.de\/index.php?rest_route=%2Fwp%2Fv2%2Fmedia&parent=676"}],"curies":[{"name":"wp","href":"https:\/\/api.w.org\/{rel}","templated":true}]}}