{"id":45,"date":"2011-02-20T19:19:54","date_gmt":"2011-02-20T18:19:54","guid":{"rendered":"http:\/\/mahl-vegetarisch.de\/?page_id=45"},"modified":"2015-12-20T18:41:20","modified_gmt":"2015-12-20T17:41:20","slug":"impressum","status":"publish","type":"page","link":"https:\/\/mahl-vegetarisch.de\/?page_id=45","title":{"rendered":"Impressum"},"content":{"rendered":"<p>www.mahl-vegetarisch.de ist eine Website von Greenpeace Freiburg<\/p>\n<p>Wilhelmstr. 24 a<br \/>\n(2.OG, Zugang \u00fcber Hofeinfahrt in der Glacisstra\u00dfe)<br \/>\n79098 Freiburg<br \/>\nTel: 0761\/20258270 (B\u00fcrozeit: Donnerstags 20.00-22.00 Uhr)<br \/>\nE-Mail:<a href=\"mailto:info@mahl-vegetarisch.de\">info@mahl-vegetarisch.de<\/a><\/p>\n<p><strong>Haftungshinweis<\/strong><\/p>\n<p>Mit Urteil vom 12. Mai 1998 hat das Landgericht Hamburg entschieden, dass man die Inhalte einer auf seinen Seiten gelinkten Seite eventuell mit zu verantworten hat. Dies kann, laut Urteil, nur dadurch verhindert werden, dass man sich ausdr\u00fccklich von diesen Inhalten distanziert. Wir haben auf diesen Seiten Links zu anderen Seiten im Internet gelegt. F\u00fcr alle diese Links gilt: Greenpeace Freiburg und alle mit der Internetpr\u00e4senz in Verbindung stehenden Personen erkl\u00e4ren ausdr\u00fccklich, dass sie keinerlei Einfluss auf die Gestaltung und die Inhalte der gelinkten Seiten haben. Deshalb distanzieren wir uns hiermit ausdr\u00fccklich von allen Inhalten aller gelinkten Seiten auf unserer Homepage (<a href=\"http:\/\/www.mahl-vegetarisch.de\/\">www.mahl-vegetarisch.de<\/a>) und machen uns deren Inhalte nicht zu Eigen. Diese Erkl\u00e4rung gilt f\u00fcr alle auf unserer Homepage angezeigten Links und f\u00fcr alle Inhalte der Seiten, zu denen die Banner und Links f\u00fchren.<\/p>\n","protected":false},"excerpt":{"rendered":"<p>www.mahl-vegetarisch.de ist eine Website von Greenpeace Freiburg Wilhelmstr. 24 a (2.OG, Zugang \u00fcber Hofeinfahrt in der Glacisstra\u00dfe) 79098 Freiburg Tel: 0761\/20258270 (B\u00fcrozeit: Donnerstags 20.00-22.00 Uhr) E-Mail:info@mahl-vegetarisch.de Haftungshinweis Mit Urteil vom 12. Mai 1998 hat das Landgericht Hamburg entschieden, dass man &hellip; <a href=\"https:\/\/mahl-vegetarisch.de\/?page_id=45\">Continue reading <span class=\"meta-nav\">&rarr;<\/span><\/a><\/p>\n","protected":false},"author":1,"featured_media":0,"parent":0,"menu_order":8,"comment_status":"closed","ping_status":"open","template":"","meta":[],"_links":{"self":[{"href":"https:\/\/mahl-vegetarisch.de\/index.php?rest_route=\/wp\/v2\/pages\/45"}],"collection":[{"href":"https:\/\/mahl-vegetarisch.de\/index.php?rest_route=\/wp\/v2\/pages"}],"about":[{"href":"https:\/\/mahl-vegetarisch.de\/index.php?rest_route=\/wp\/v2\/types\/page"}],"author":[{"embeddable":true,"href":"https:\/\/mahl-vegetarisch.de\/index.php?rest_route=\/wp\/v2\/users\/1"}],"replies":[{"embeddable":true,"href":"https:\/\/mahl-vegetarisch.de\/index.php?rest_route=%2Fwp%2Fv2%2Fcomments&post=45"}],"version-history":[{"count":7,"href":"https:\/\/mahl-vegetarisch.de\/index.php?rest_route=\/wp\/v2\/pages\/45\/revisions"}],"predecessor-version":[{"id":1212,"href":"https:\/\/mahl-vegetarisch.de\/index.php?rest_route=\/wp\/v2\/pages\/45\/revisions\/1212"}],"wp:attachment":[{"href":"https:\/\/mahl-vegetarisch.de\/index.php?rest_route=%2Fwp%2Fv2%2Fmedia&parent=45"}],"curies":[{"name":"wp","href":"https:\/\/api.w.org\/{rel}","templated":true}]}}