{"id":249,"date":"2011-03-13T20:04:28","date_gmt":"2011-03-13T19:04:28","guid":{"rendered":"http:\/\/mahl-vegetarisch.de\/?page_id=249"},"modified":"2011-10-10T14:12:40","modified_gmt":"2011-10-10T12:12:40","slug":"ihre-rezeptvorschlage","status":"publish","type":"page","link":"https:\/\/mahl-vegetarisch.de\/?page_id=249","title":{"rendered":"Ihre Rezeptvorschl\u00e4ge"},"content":{"rendered":"<p>Hier ver\u00f6ffentlichen wir Ihre vegetarischen Lieblingsgerichte. Rezept-Vorschl\u00e4ge an info(\u00e4t)mahl-vegetarisch.de schicken. Herzlichen Dank!<\/p>\n<p><strong>Vegetarische Spaghetti-Bolognese<\/strong>:<br \/>\n150 g Tofugranulat fein<br \/>\n4 Stangensellerie<br \/>\n3 Karotten<br \/>\n2 Zwiebeln<br \/>\n1 W\u00fcrfel Gem\u00fcsebr\u00fche<br \/>\n0,1 l dunkle Sojaso\u00dfe<br \/>\n1 Packung Spaghetti<br \/>\n0,5 l Tomatenso\u00dfe bzw. Tomatenmark<br \/>\n0,1 l Rotwein<br \/>\n3 Knoblauchzehen<br \/>\nOliven\u00f6l<br \/>\nmediterrane Kr\u00e4uter<br \/>\nPaprikapulver<strong><br \/>\nZubereitung:<\/strong> Erstmal alles klein hacken. 150g Soja mit 0,2 Liter Wasser + 1 W\u00fcrfel Gem\u00fcsebr\u00fche + Sojaso\u00dfe einweichen. Gem\u00fcse bei mittlere Hitze kurz d\u00fcnsten (weniges Wasser verdampfen lassen), dann in Oliven\u00f6l anbraten. Tomatenso\u00dfe bzw. Tomatenmark mit Wasser sowie Rotwein dazugeben und s\u00e4mig kochen, also bis Alkohol verdampft ist. Sojagranulat abtropfen lassen und in separater Pfanne mit Knoblauch und Zwiebeln anbraten. Zum Rest dazugeben, gut w\u00fcrzen &#8211; fertig!<br \/>\nKann nach Belieben mit gebratenen Pilzen verfeinert werden.<br \/>\nMit Salat servieren.<br \/>\nGuten Appetit!<\/p>\n<p><strong>Veggie-Burger<br \/>\nZutaten:<br \/>\n<\/strong>&#8211; Weckchen<br \/>\n&#8211; Tomaten<br \/>\n&#8211; Salatbl\u00e4tter<br \/>\n&#8211; Essiggurken<br \/>\n&#8211; Brat\u00f6l<br \/>\n&#8211; Ketchup<strong><br \/>\nF\u00fcr die Burger-Masse (f\u00fcr 1 &#8211; 2 Personen):<br \/>\n<\/strong>250 g Haferflocken<br \/>\n1 gro\u00dfe Zwiebel<br \/>\n2 Karotten<br \/>\nGem\u00fcsebr\u00fche<br \/>\nfrische Petersilie<br \/>\nPfeffer, Salz<br \/>\n<strong>Zubereitung:<\/strong><br \/>\nZwiebeln und Petersilie feinschneiden, Karotten reiben, beides zu den anderen Zutaten der Burger-Masse geben und diese in etwas Wasser einweichen. So lange warten, bis sie sch\u00f6n klebrig geworden ist. Dann daraus Burger formen und entweder in der Pfanne oder in der Frit\u00f6se goldbraun braten. Fertige Bratlinge zusammen mit einem Salatblatt, Tomaten- und Gurkenscheiben und je nach Wunsch mit Ketchup o.\u00e4. in Br\u00f6tchenh\u00e4lften servieren.<\/p>\n<p><strong>Herzhafte Crepes mit Lauch und K\u00e4se<\/strong><br \/>\nCrepes mit Lauch und K\u00e4se &#8211; Crepes sind hauchd\u00fcnne Pfannkuchen. Damit  die Crepes d\u00fcnn und gleichm\u00e4\u00dfig werden, wird der fl\u00fcssige Teig z\u00fcgig und  gleichm\u00e4\u00dfig verstrichen.<br \/>\n<strong>Zutaten:<\/strong><br \/>\nF\u00fcr 8 Crepes<br \/>\n90 g Mehl<br \/>\n100 ml Milch<br \/>\nSalz<br \/>\n2 Eier<br \/>\n2 EL \u00d6l<br \/>\n100 ml Mineralwasser mit Kohlens\u00e4ure<br \/>\nFett zum Backen<br \/>\nF\u00fcr die F\u00fcllung:<br \/>\n2 gro\u00dfe Lauchstangen<br \/>\n100 g Butter<br \/>\n172 Glas Wei\u00dfwein<br \/>\n400 g Schlagsahne<br \/>\nSalz<br \/>\nPfeffer aus der M\u00fchle<br \/>\nMuskat, gemahlen<br \/>\n200 g K\u00e4se (z.B.Greyerzer)<br \/>\n4 Tomaten<br \/>\nFett f\u00fcr die Form<br \/>\n<strong>Zubereitung:<\/strong><br \/>\n1. F\u00fcr den Teig das Mehl in eine Sch\u00fcssel sieben und die Milch in das  Mehl r\u00fchren, Prise Salz zugeben und 30-40 Minuten quellen lassen.<br \/>\n2. Ist die Quellzeit um, die Eier und das \u00d6l mit dem Teig glatt verr\u00fchren und kurz vorm backen das Mineralwasser unterr\u00fchren.<br \/>\n3. Zum Backen die beschichtete Pfanne ohne Fett erhitzen, ist die Pfanne  nicht beschichtet, fett darin erhitzen und \u00fcbersch\u00fcssiges Fett  abgie\u00dfen.<br \/>\n4. Den Teig hineingie\u00dfen und die Pfanne so schwenken, dass sich der Teig hauchd\u00fcnn, gleichm\u00e4\u00dfig verteilt.<br \/>\n5. Ist die Unterseite gebr\u00e4unt, mit einer Palette wenden und bei m\u00e4\u00dfiger Hitze fertig backen.<br \/>\n6. Sind die acht Crepes fertig gebacken, \u00fcbereinander stapeln und ausk\u00fchlen lassen.<br \/>\n7. Den Lauch putzen, gut waschen, halbieren und in feine Streifen schneiden.<br \/>\n8. Die Butter in einem Topf zerlassen und den Lauch darin anschwitzen.<br \/>\n9. Mit Wei\u00dfwein abl\u00f6schen, mit Sahne auff\u00fcllen und dick einkochen lassen, mit Salz, Pfeffer und Muskat abschmecken.<br \/>\n10. Den K\u00e4se in W\u00fcrfel schneiden, Tomaten kurz in kochendem Wasser  blanchieren, h\u00e4uten, halbieren, entkernen und in W\u00fcrfel schneiden.<br \/>\n11. Eine Auflaufform mit Butter oder Margarine ausfetten.<br \/>\n12. Lauchgem\u00fcse abtropfen lassen und die Crepes damit f\u00fcllen, jeweils K\u00e4sew\u00fcrfel zugeben und zusammenrollen, in die Form legen.<br \/>\n13. Tomatenw\u00fcrfel \u00fcber die Crepes streuen und die restliche Lauchsauce dar\u00fcber verteilen.<br \/>\n14. Im vorgeheizten Backofen bei 220 Grad ca. 10-15 Minuten \u00fcberbacken.<br \/>\nGUTEN APPETIT !<\/p>\n<p><strong>S\u00fc\u00dfe Cr\u00eapes &#8211; super schnell und einfach<\/strong><br \/>\n<strong>Zutaten:<\/strong><br \/>\n100 g Mehl (z.B. Weizenmehl, Dinkelmehl, Vollkornmehl, Esskastanienmehl)<br \/>\n1 Prise Salz<br \/>\n1 Prise Zimt<br \/>\n1 TL Brat\u00f6l<br \/>\nWasser<br \/>\n<strong>Zubereitung:<\/strong><br \/>\nMehl mit Salz und Zimt vermischen. Soviel Wasser zugeben, dass ein z\u00e4hfl\u00fcssiger Teig entsteht. (Je z\u00e4hfll\u00fcssiger, desto weniger klebt der Teig am Pfannenboden.)<br \/>\nPfanne mit wenig \u00d6l erhitzen. Bei mittlerer bis hoher Hitze Cr\u00eapes braten: jeweils 2 bis 2 1\/2 EL Teig in die Pfanne geben und mit flachem Pfannenschieber den Teig kreisf\u00f6rmig von innen nach au\u00dfen verteilen, bis er m\u00f6glichst flach ist. Cr\u00eapes kurz anbraten, dann wenden.<br \/>\nDie fertigen Cr\u00eapes k\u00f6nnen mit Schokolade, Nussmalz, Marmelade, Apfelmus, Ahornsirup oder s\u00fc\u00dfem Nussmus serviert werden. Guten Appetit!<\/p>\n","protected":false},"excerpt":{"rendered":"<p>Hier ver\u00f6ffentlichen wir Ihre vegetarischen Lieblingsgerichte. Rezept-Vorschl\u00e4ge an info(\u00e4t)mahl-vegetarisch.de schicken. Herzlichen Dank! Vegetarische Spaghetti-Bolognese: 150 g Tofugranulat fein 4 Stangensellerie 3 Karotten 2 Zwiebeln 1 W\u00fcrfel Gem\u00fcsebr\u00fche 0,1 l dunkle Sojaso\u00dfe 1 Packung Spaghetti 0,5 l Tomatenso\u00dfe bzw. Tomatenmark 0,1 &hellip; <a href=\"https:\/\/mahl-vegetarisch.de\/?page_id=249\">Continue reading <span class=\"meta-nav\">&rarr;<\/span><\/a><\/p>\n","protected":false},"author":2,"featured_media":0,"parent":236,"menu_order":0,"comment_status":"closed","ping_status":"closed","template":"","meta":[],"_links":{"self":[{"href":"https:\/\/mahl-vegetarisch.de\/index.php?rest_route=\/wp\/v2\/pages\/249"}],"collection":[{"href":"https:\/\/mahl-vegetarisch.de\/index.php?rest_route=\/wp\/v2\/pages"}],"about":[{"href":"https:\/\/mahl-vegetarisch.de\/index.php?rest_route=\/wp\/v2\/types\/page"}],"author":[{"embeddable":true,"href":"https:\/\/mahl-vegetarisch.de\/index.php?rest_route=\/wp\/v2\/users\/2"}],"replies":[{"embeddable":true,"href":"https:\/\/mahl-vegetarisch.de\/index.php?rest_route=%2Fwp%2Fv2%2Fcomments&post=249"}],"version-history":[{"count":10,"href":"https:\/\/mahl-vegetarisch.de\/index.php?rest_route=\/wp\/v2\/pages\/249\/revisions"}],"predecessor-version":[{"id":337,"href":"https:\/\/mahl-vegetarisch.de\/index.php?rest_route=\/wp\/v2\/pages\/249\/revisions\/337"}],"up":[{"embeddable":true,"href":"https:\/\/mahl-vegetarisch.de\/index.php?rest_route=\/wp\/v2\/pages\/236"}],"wp:attachment":[{"href":"https:\/\/mahl-vegetarisch.de\/index.php?rest_route=%2Fwp%2Fv2%2Fmedia&parent=249"}],"curies":[{"name":"wp","href":"https:\/\/api.w.org\/{rel}","templated":true}]}}